{"id":2941,"date":"2023-10-31T20:29:06","date_gmt":"2023-10-31T23:29:06","guid":{"rendered":"http:\/\/bakertillylatam.com\/?page_id=2941"},"modified":"2024-08-28T17:27:49","modified_gmt":"2024-08-28T20:27:49","slug":"servicios","status":"publish","type":"page","link":"https:\/\/bakertillylatam.com\/en\/servicios\/","title":{"rendered":"Services"},"content":{"rendered":"<div data-elementor-type=\"wp-page\" data-elementor-id=\"2941\" class=\"elementor elementor-2941\" data-elementor-post-type=\"page\">\n\t\t\t\t\t\t<section class=\"elementor-section elementor-top-section elementor-element elementor-element-58854e2 elementor-section-full_width elementor-section-height-min-height elementor-section-items-top elementor-section-height-default\" data-id=\"58854e2\" data-element_type=\"section\" data-e-type=\"section\" data-settings=\"{&quot;background_background&quot;:&quot;classic&quot;}\">\n\t\t\t\t\t\t<div class=\"elementor-container elementor-column-gap-default\">\n\t\t\t\t\t<div class=\"elementor-column elementor-col-100 elementor-top-column elementor-element elementor-element-b771539\" data-id=\"b771539\" data-element_type=\"column\" data-e-type=\"column\">\n\t\t\t<div class=\"elementor-widget-wrap elementor-element-populated\">\n\t\t\t\t\t\t<section class=\"elementor-section elementor-inner-section elementor-element elementor-element-9bdd28e elementor-section-boxed elementor-section-height-default elementor-section-height-default\" data-id=\"9bdd28e\" data-element_type=\"section\" data-e-type=\"section\">\n\t\t\t\t\t\t<div class=\"elementor-container elementor-column-gap-default\">\n\t\t\t\t\t<div class=\"elementor-column elementor-col-100 elementor-inner-column elementor-element elementor-element-07235e5\" data-id=\"07235e5\" data-element_type=\"column\" data-e-type=\"column\">\n\t\t\t<div class=\"elementor-widget-wrap elementor-element-populated\">\n\t\t\t\t\t\t<div class=\"elementor-element elementor-element-c78b92b elementor-widget elementor-widget-heading\" data-id=\"c78b92b\" data-element_type=\"widget\" data-e-type=\"widget\" data-widget_type=\"heading.default\">\n\t\t\t\t<div class=\"elementor-widget-container\">\n\t\t\t\t\t<h1 class=\"elementor-heading-title elementor-size-default\">Servicios que prestamos<\/h1>\t\t\t\t<\/div>\n\t\t\t\t<\/div>\n\t\t\t\t<div class=\"elementor-element elementor-element-b779a6e elementor-widget elementor-widget-heading\" data-id=\"b779a6e\" data-element_type=\"widget\" data-e-type=\"widget\" data-widget_type=\"heading.default\">\n\t\t\t\t<div class=\"elementor-widget-container\">\n\t\t\t\t\t<p class=\"elementor-heading-title elementor-size-default\">Nuestra empresa se enorgullece de ofrecer una amplia gama de servicios dise\u00f1ados para satisfacer las diversas necesidades y desaf\u00edos de nuestros valiosos clientes. Con un compromiso constante hacia la excelencia y la satisfacci\u00f3n del cliente, nos esforzamos por proporcionar soluciones efectivas y personalizadas que impulsen el \u00e9xito de su negocio o proyecto.<\/p>\t\t\t\t<\/div>\n\t\t\t\t<\/div>\n\t\t\t\t<div class=\"elementor-element elementor-element-a4ad1ba elementor-align-left elementor-widget elementor-widget-button\" data-id=\"a4ad1ba\" data-element_type=\"widget\" data-e-type=\"widget\" data-widget_type=\"button.default\">\n\t\t\t\t<div class=\"elementor-widget-container\">\n\t\t\t\t\t\t\t\t\t<div class=\"elementor-button-wrapper\">\n\t\t\t\t\t<a class=\"elementor-button elementor-button-link elementor-size-sm\" href=\"#elementor-action:action=popup:open&settings=eyJpZCI6IjMxOTMiLCJ0b2dnbGUiOmZhbHNlfQ==\">\n\t\t\t\t\t\t<span class=\"elementor-button-content-wrapper\">\n\t\t\t\t\t\t\t\t\t<span class=\"elementor-button-text\">Contact us at<\/span>\n\t\t\t\t\t<\/span>\n\t\t\t\t\t<\/a>\n\t\t\t\t<\/div>\n\t\t\t\t\t\t\t\t<\/div>\n\t\t\t\t<\/div>\n\t\t\t\t\t<\/div>\n\t\t<\/div>\n\t\t\t\t\t<\/div>\n\t\t<\/section>\n\t\t\t\t\t<\/div>\n\t\t<\/div>\n\t\t\t\t\t<\/div>\n\t\t<\/section>\n\t\t\t\t<section class=\"elementor-section elementor-top-section elementor-element elementor-element-39bf174 elementor-section-boxed elementor-section-height-default elementor-section-height-default elementor-invisible\" data-id=\"39bf174\" data-element_type=\"section\" data-e-type=\"section\" data-settings=\"{&quot;animation&quot;:&quot;fadeInUp&quot;,&quot;background_background&quot;:&quot;classic&quot;}\">\n\t\t\t\t\t\t<div class=\"elementor-container elementor-column-gap-default\">\n\t\t\t\t\t<div class=\"elementor-column elementor-col-100 elementor-top-column elementor-element elementor-element-e45292b\" data-id=\"e45292b\" data-element_type=\"column\" data-e-type=\"column\">\n\t\t\t<div class=\"elementor-widget-wrap elementor-element-populated\">\n\t\t\t\t\t\t<section class=\"elementor-section elementor-inner-section elementor-element elementor-element-3d2bb92 elementor-section-boxed elementor-section-height-default elementor-section-height-default\" data-id=\"3d2bb92\" data-element_type=\"section\" data-e-type=\"section\">\n\t\t\t\t\t\t<div class=\"elementor-container elementor-column-gap-default\">\n\t\t\t\t\t<div class=\"elementor-column elementor-col-100 elementor-inner-column elementor-element elementor-element-66d2a62\" data-id=\"66d2a62\" data-element_type=\"column\" data-e-type=\"column\">\n\t\t\t<div class=\"elementor-widget-wrap elementor-element-populated\">\n\t\t\t\t\t\t<div class=\"elementor-element elementor-element-619b38a elementor-align-justify elementor-widget__width-initial elementor-widget elementor-widget-button\" data-id=\"619b38a\" data-element_type=\"widget\" data-e-type=\"widget\" data-widget_type=\"button.default\">\n\t\t\t\t<div class=\"elementor-widget-container\">\n\t\t\t\t\t\t\t\t\t<div class=\"elementor-button-wrapper\">\n\t\t\t\t\t<a class=\"elementor-button elementor-button-link elementor-size-sm\" href=\"https:\/\/bakertillylatam.com\/en\/servicios\/auditoria\/\">\n\t\t\t\t\t\t<span class=\"elementor-button-content-wrapper\">\n\t\t\t\t\t\t\t\t\t<span class=\"elementor-button-text\">Audit and assurance<\/span>\n\t\t\t\t\t<\/span>\n\t\t\t\t\t<\/a>\n\t\t\t\t<\/div>\n\t\t\t\t\t\t\t\t<\/div>\n\t\t\t\t<\/div>\n\t\t\t\t<div class=\"elementor-element elementor-element-a91f673 elementor-align-justify elementor-widget__width-initial elementor-widget elementor-widget-button\" data-id=\"a91f673\" data-element_type=\"widget\" data-e-type=\"widget\" data-widget_type=\"button.default\">\n\t\t\t\t<div class=\"elementor-widget-container\">\n\t\t\t\t\t\t\t\t\t<div class=\"elementor-button-wrapper\">\n\t\t\t\t\t<a class=\"elementor-button elementor-button-link elementor-size-sm\" href=\"https:\/\/bakertillylatam.com\/en\/servicios\/consultoria-de-negocios\/\">\n\t\t\t\t\t\t<span class=\"elementor-button-content-wrapper\">\n\t\t\t\t\t\t\t\t\t<span class=\"elementor-button-text\">Consulting<\/span>\n\t\t\t\t\t<\/span>\n\t\t\t\t\t<\/a>\n\t\t\t\t<\/div>\n\t\t\t\t\t\t\t\t<\/div>\n\t\t\t\t<\/div>\n\t\t\t\t<div class=\"elementor-element elementor-element-e2479d5 elementor-align-justify elementor-widget__width-initial elementor-widget elementor-widget-button\" data-id=\"e2479d5\" data-element_type=\"widget\" data-e-type=\"widget\" data-widget_type=\"button.default\">\n\t\t\t\t<div class=\"elementor-widget-container\">\n\t\t\t\t\t\t\t\t\t<div class=\"elementor-button-wrapper\">\n\t\t\t\t\t<a class=\"elementor-button elementor-button-link elementor-size-sm\" href=\"https:\/\/bakertillylatam.com\/en\/servicios\/legal\/\">\n\t\t\t\t\t\t<span class=\"elementor-button-content-wrapper\">\n\t\t\t\t\t\t\t\t\t<span class=\"elementor-button-text\">Legal<\/span>\n\t\t\t\t\t<\/span>\n\t\t\t\t\t<\/a>\n\t\t\t\t<\/div>\n\t\t\t\t\t\t\t\t<\/div>\n\t\t\t\t<\/div>\n\t\t\t\t<div class=\"elementor-element elementor-element-80b9d10 elementor-align-justify elementor-widget__width-initial elementor-widget elementor-widget-button\" data-id=\"80b9d10\" data-element_type=\"widget\" data-e-type=\"widget\" data-widget_type=\"button.default\">\n\t\t\t\t<div class=\"elementor-widget-container\">\n\t\t\t\t\t\t\t\t\t<div class=\"elementor-button-wrapper\">\n\t\t\t\t\t<a class=\"elementor-button elementor-button-link elementor-size-sm\" href=\"https:\/\/bakertillylatam.com\/en\/servicios\/impuestos\/\">\n\t\t\t\t\t\t<span class=\"elementor-button-content-wrapper\">\n\t\t\t\t\t\t\t\t\t<span class=\"elementor-button-text\">Taxes<\/span>\n\t\t\t\t\t<\/span>\n\t\t\t\t\t<\/a>\n\t\t\t\t<\/div>\n\t\t\t\t\t\t\t\t<\/div>\n\t\t\t\t<\/div>\n\t\t\t\t\t<\/div>\n\t\t<\/div>\n\t\t\t\t\t<\/div>\n\t\t<\/section>\n\t\t\t\t\t<\/div>\n\t\t<\/div>\n\t\t\t\t\t<\/div>\n\t\t<\/section>\n\t\t\t\t<section class=\"elementor-section elementor-top-section elementor-element elementor-element-1995909 elementor-section-content-middle elementor-section-boxed elementor-section-height-default elementor-section-height-default\" data-id=\"1995909\" data-element_type=\"section\" data-e-type=\"section\" data-settings=\"{&quot;background_background&quot;:&quot;classic&quot;}\">\n\t\t\t\t\t\t<div class=\"elementor-container elementor-column-gap-default\">\n\t\t\t\t\t<div class=\"elementor-column elementor-col-100 elementor-top-column elementor-element elementor-element-db40868\" data-id=\"db40868\" data-element_type=\"column\" data-e-type=\"column\">\n\t\t\t<div class=\"elementor-widget-wrap elementor-element-populated\">\n\t\t\t\t\t\t<div class=\"elementor-element elementor-element-3d0b7ff elementor-widget elementor-widget-heading\" data-id=\"3d0b7ff\" data-element_type=\"widget\" data-e-type=\"widget\" data-widget_type=\"heading.default\">\n\t\t\t\t<div class=\"elementor-widget-container\">\n\t\t\t\t\t<div class=\"elementor-heading-title elementor-size-default\">Our team can help you<\/div>\t\t\t\t<\/div>\n\t\t\t\t<\/div>\n\t\t\t\t<div class=\"elementor-element elementor-element-7e00013 elementor-align-center elementor-widget__width-auto elementor-widget elementor-widget-button\" data-id=\"7e00013\" data-element_type=\"widget\" data-e-type=\"widget\" data-widget_type=\"button.default\">\n\t\t\t\t<div class=\"elementor-widget-container\">\n\t\t\t\t\t\t\t\t\t<div class=\"elementor-button-wrapper\">\n\t\t\t\t\t<a class=\"elementor-button elementor-button-link elementor-size-sm\" href=\"#elementor-action:action=popup:open&settings=eyJpZCI6IjMxOTMiLCJ0b2dnbGUiOmZhbHNlfQ==\">\n\t\t\t\t\t\t<span class=\"elementor-button-content-wrapper\">\n\t\t\t\t\t\t\t\t\t<span class=\"elementor-button-text\">Contact us at<\/span>\n\t\t\t\t\t<\/span>\n\t\t\t\t\t<\/a>\n\t\t\t\t<\/div>\n\t\t\t\t\t\t\t\t<\/div>\n\t\t\t\t<\/div>\n\t\t\t\t\t<\/div>\n\t\t<\/div>\n\t\t\t\t\t<\/div>\n\t\t<\/section>\n\t\t\t\t<\/div>","protected":false},"excerpt":{"rendered":"<p>Servicios que prestamos Nuestra empresa se enorgullece de ofrecer una amplia gama de servicios dise\u00f1ados para satisfacer las diversas necesidades y desaf\u00edos de nuestros valiosos clientes. Con un compromiso constante hacia la excelencia y la satisfacci\u00f3n del cliente, nos esforzamos por proporcionar soluciones efectivas y personalizadas que impulsen el \u00e9xito de su negocio o proyecto. [&hellip;]<\/p>","protected":false},"author":12,"featured_media":0,"parent":0,"menu_order":0,"comment_status":"closed","ping_status":"closed","template":"","meta":{"_acf_changed":false,"footnotes":""},"class_list":["post-2941","page","type-page","status-publish","hentry"],"acf":[],"yoast_head":"<!-- This site is optimized with the Yoast SEO plugin v23.7 - https:\/\/yoast.com\/wordpress\/plugins\/seo\/ -->\n<title>Servicios - Baker Tilly LATAM<\/title>\n<meta name=\"robots\" content=\"index, follow, max-snippet:-1, max-image-preview:large, max-video-preview:-1\" \/>\n<link rel=\"canonical\" href=\"https:\/\/bakertillylatam.com\/en\/servicios\/\" \/>\n<meta property=\"og:locale\" content=\"en_US\" \/>\n<meta property=\"og:type\" content=\"article\" \/>\n<meta property=\"og:title\" content=\"Servicios - Baker Tilly LATAM\" \/>\n<meta property=\"og:description\" content=\"Servicios que prestamos Nuestra empresa se enorgullece de ofrecer una amplia gama de servicios dise\u00f1ados para satisfacer las diversas necesidades y desaf\u00edos de nuestros valiosos clientes. Con un compromiso constante hacia la excelencia y la satisfacci\u00f3n del cliente, nos esforzamos por proporcionar soluciones efectivas y personalizadas que impulsen el \u00e9xito de su negocio o proyecto. [&hellip;]\" \/>\n<meta property=\"og:url\" content=\"https:\/\/bakertillylatam.com\/en\/servicios\/\" \/>\n<meta property=\"og:site_name\" content=\"Baker Tilly LATAM\" \/>\n<meta property=\"article:modified_time\" content=\"2024-08-28T20:27:49+00:00\" \/>\n<meta name=\"twitter:card\" content=\"summary_large_image\" \/>\n<meta name=\"twitter:label1\" content=\"Est. reading time\" \/>\n\t<meta name=\"twitter:data1\" content=\"1 minute\" \/>\n<script type=\"application\/ld+json\" class=\"yoast-schema-graph\">{\"@context\":\"https:\/\/schema.org\",\"@graph\":[{\"@type\":\"WebPage\",\"@id\":\"https:\/\/bakertillylatam.com\/servicios\/\",\"url\":\"https:\/\/bakertillylatam.com\/servicios\/\",\"name\":\"Servicios - Baker Tilly LATAM\",\"isPartOf\":{\"@id\":\"https:\/\/bakertillylatam.com\/#website\"},\"datePublished\":\"2023-10-31T23:29:06+00:00\",\"dateModified\":\"2024-08-28T20:27:49+00:00\",\"breadcrumb\":{\"@id\":\"https:\/\/bakertillylatam.com\/servicios\/#breadcrumb\"},\"inLanguage\":\"en-US\",\"potentialAction\":[{\"@type\":\"ReadAction\",\"target\":[\"https:\/\/bakertillylatam.com\/servicios\/\"]}]},{\"@type\":\"BreadcrumbList\",\"@id\":\"https:\/\/bakertillylatam.com\/servicios\/#breadcrumb\",\"itemListElement\":[{\"@type\":\"ListItem\",\"position\":1,\"name\":\"Portada\",\"item\":\"https:\/\/bakertillylatam.com\/\"},{\"@type\":\"ListItem\",\"position\":2,\"name\":\"Servicios\"}]},{\"@type\":\"WebSite\",\"@id\":\"https:\/\/bakertillylatam.com\/#website\",\"url\":\"https:\/\/bakertillylatam.com\/\",\"name\":\"Baker Tilly LATAM\",\"description\":\"Asesores locales con respaldo Internacional\",\"publisher\":{\"@id\":\"https:\/\/bakertillylatam.com\/#organization\"},\"potentialAction\":[{\"@type\":\"SearchAction\",\"target\":{\"@type\":\"EntryPoint\",\"urlTemplate\":\"https:\/\/bakertillylatam.com\/?s={search_term_string}\"},\"query-input\":{\"@type\":\"PropertyValueSpecification\",\"valueRequired\":true,\"valueName\":\"search_term_string\"}}],\"inLanguage\":\"en-US\"},{\"@type\":\"Organization\",\"@id\":\"https:\/\/bakertillylatam.com\/#organization\",\"name\":\"Bakertilly LATAM\",\"url\":\"https:\/\/bakertillylatam.com\/\",\"logo\":{\"@type\":\"ImageObject\",\"inLanguage\":\"en-US\",\"@id\":\"https:\/\/bakertillylatam.com\/#\/schema\/logo\/image\/\",\"url\":\"https:\/\/bakertillylatam.com\/wp-content\/uploads\/2022\/06\/logo-1-e1693074923354.gif\",\"contentUrl\":\"https:\/\/bakertillylatam.com\/wp-content\/uploads\/2022\/06\/logo-1-e1693074923354.gif\",\"width\":450,\"height\":151,\"caption\":\"Bakertilly LATAM\"},\"image\":{\"@id\":\"https:\/\/bakertillylatam.com\/#\/schema\/logo\/image\/\"}}]}<\/script>\n<!-- \/ Yoast SEO plugin. -->","yoast_head_json":{"title":"Servicios - Baker Tilly LATAM","robots":{"index":"index","follow":"follow","max-snippet":"max-snippet:-1","max-image-preview":"max-image-preview:large","max-video-preview":"max-video-preview:-1"},"canonical":"https:\/\/bakertillylatam.com\/en\/servicios\/","og_locale":"en_US","og_type":"article","og_title":"Servicios - Baker Tilly LATAM","og_description":"Servicios que prestamos Nuestra empresa se enorgullece de ofrecer una amplia gama de servicios dise\u00f1ados para satisfacer las diversas necesidades y desaf\u00edos de nuestros valiosos clientes. Con un compromiso constante hacia la excelencia y la satisfacci\u00f3n del cliente, nos esforzamos por proporcionar soluciones efectivas y personalizadas que impulsen el \u00e9xito de su negocio o proyecto. [&hellip;]","og_url":"https:\/\/bakertillylatam.com\/en\/servicios\/","og_site_name":"Baker Tilly LATAM","article_modified_time":"2024-08-28T20:27:49+00:00","twitter_card":"summary_large_image","twitter_misc":{"Est. reading time":"1 minute"},"schema":{"@context":"https:\/\/schema.org","@graph":[{"@type":"WebPage","@id":"https:\/\/bakertillylatam.com\/servicios\/","url":"https:\/\/bakertillylatam.com\/servicios\/","name":"Servicios - Baker Tilly LATAM","isPartOf":{"@id":"https:\/\/bakertillylatam.com\/#website"},"datePublished":"2023-10-31T23:29:06+00:00","dateModified":"2024-08-28T20:27:49+00:00","breadcrumb":{"@id":"https:\/\/bakertillylatam.com\/servicios\/#breadcrumb"},"inLanguage":"en-US","potentialAction":[{"@type":"ReadAction","target":["https:\/\/bakertillylatam.com\/servicios\/"]}]},{"@type":"BreadcrumbList","@id":"https:\/\/bakertillylatam.com\/servicios\/#breadcrumb","itemListElement":[{"@type":"ListItem","position":1,"name":"Portada","item":"https:\/\/bakertillylatam.com\/"},{"@type":"ListItem","position":2,"name":"Servicios"}]},{"@type":"WebSite","@id":"https:\/\/bakertillylatam.com\/#website","url":"https:\/\/bakertillylatam.com\/","name":"Baker Tilly LATAM","description":"Asesores locales con respaldo Internacional","publisher":{"@id":"https:\/\/bakertillylatam.com\/#organization"},"potentialAction":[{"@type":"SearchAction","target":{"@type":"EntryPoint","urlTemplate":"https:\/\/bakertillylatam.com\/?s={search_term_string}"},"query-input":{"@type":"PropertyValueSpecification","valueRequired":true,"valueName":"search_term_string"}}],"inLanguage":"en-US"},{"@type":"Organization","@id":"https:\/\/bakertillylatam.com\/#organization","name":"Bakertilly LATAM","url":"https:\/\/bakertillylatam.com\/","logo":{"@type":"ImageObject","inLanguage":"en-US","@id":"https:\/\/bakertillylatam.com\/#\/schema\/logo\/image\/","url":"https:\/\/bakertillylatam.com\/wp-content\/uploads\/2022\/06\/logo-1-e1693074923354.gif","contentUrl":"https:\/\/bakertillylatam.com\/wp-content\/uploads\/2022\/06\/logo-1-e1693074923354.gif","width":450,"height":151,"caption":"Bakertilly LATAM"},"image":{"@id":"https:\/\/bakertillylatam.com\/#\/schema\/logo\/image\/"}}]}},"_links":{"self":[{"href":"https:\/\/bakertillylatam.com\/en\/wp-json\/wp\/v2\/pages\/2941"}],"collection":[{"href":"https:\/\/bakertillylatam.com\/en\/wp-json\/wp\/v2\/pages"}],"about":[{"href":"https:\/\/bakertillylatam.com\/en\/wp-json\/wp\/v2\/types\/page"}],"author":[{"embeddable":true,"href":"https:\/\/bakertillylatam.com\/en\/wp-json\/wp\/v2\/users\/12"}],"replies":[{"embeddable":true,"href":"https:\/\/bakertillylatam.com\/en\/wp-json\/wp\/v2\/comments?post=2941"}],"version-history":[{"count":39,"href":"https:\/\/bakertillylatam.com\/en\/wp-json\/wp\/v2\/pages\/2941\/revisions"}],"predecessor-version":[{"id":6473,"href":"https:\/\/bakertillylatam.com\/en\/wp-json\/wp\/v2\/pages\/2941\/revisions\/6473"}],"wp:attachment":[{"href":"https:\/\/bakertillylatam.com\/en\/wp-json\/wp\/v2\/media?parent=2941"}],"curies":[{"name":"wp","href":"https:\/\/api.w.org\/{rel}","templated":true}]}}