{"id":2944,"date":"2023-10-31T20:29:16","date_gmt":"2023-10-31T23:29:16","guid":{"rendered":"http:\/\/bakertillylatam.com\/?page_id=2944"},"modified":"2024-04-03T00:56:09","modified_gmt":"2024-04-03T03:56:09","slug":"industrias","status":"publish","type":"page","link":"https:\/\/bakertillylatam.com\/pt\/industrias\/","title":{"rendered":"Setores"},"content":{"rendered":"<div data-elementor-type=\"wp-page\" data-elementor-id=\"2944\" class=\"elementor elementor-2944\" data-elementor-post-type=\"page\">\n\t\t\t\t\t\t<section class=\"elementor-section elementor-top-section elementor-element elementor-element-fde8c99 elementor-section-full_width elementor-section-height-min-height elementor-section-items-top elementor-section-height-default\" data-id=\"fde8c99\" data-element_type=\"section\" data-e-type=\"section\" data-settings=\"{&quot;background_background&quot;:&quot;classic&quot;}\">\n\t\t\t\t\t\t<div class=\"elementor-container elementor-column-gap-default\">\n\t\t\t\t\t<div class=\"elementor-column elementor-col-100 elementor-top-column elementor-element elementor-element-d605346\" data-id=\"d605346\" data-element_type=\"column\" data-e-type=\"column\">\n\t\t\t<div class=\"elementor-widget-wrap elementor-element-populated\">\n\t\t\t\t\t\t<section class=\"elementor-section elementor-inner-section elementor-element elementor-element-1ac3dc6 elementor-section-boxed elementor-section-height-default elementor-section-height-default\" data-id=\"1ac3dc6\" data-element_type=\"section\" data-e-type=\"section\">\n\t\t\t\t\t\t<div class=\"elementor-container elementor-column-gap-default\">\n\t\t\t\t\t<div class=\"elementor-column elementor-col-100 elementor-inner-column elementor-element elementor-element-6af1ed4\" data-id=\"6af1ed4\" data-element_type=\"column\" data-e-type=\"column\">\n\t\t\t<div class=\"elementor-widget-wrap elementor-element-populated\">\n\t\t\t\t\t\t<div class=\"elementor-element elementor-element-709d444 elementor-widget elementor-widget-heading\" data-id=\"709d444\" data-element_type=\"widget\" data-e-type=\"widget\" data-widget_type=\"heading.default\">\n\t\t\t\t<div class=\"elementor-widget-container\">\n\t\t\t\t\t<h1 class=\"elementor-heading-title elementor-size-default\">Algunas industrias con las que trabajamos<\/h1>\t\t\t\t<\/div>\n\t\t\t\t<\/div>\n\t\t\t\t<div class=\"elementor-element elementor-element-62d1027 elementor-widget elementor-widget-heading\" data-id=\"62d1027\" data-element_type=\"widget\" data-e-type=\"widget\" data-widget_type=\"heading.default\">\n\t\t\t\t<div class=\"elementor-widget-container\">\n\t\t\t\t\t<p class=\"elementor-heading-title elementor-size-default\">Trabajamos con industrias de distintos \u00e1mbitos para ofrecer soluciones adaptadas a sus necesidades espec\u00edficas. Nuestro enfoque es proporcionar servicios y productos que impulsen la eficiencia operativa, la innovaci\u00f3n y el crecimiento sostenible.<\/p>\t\t\t\t<\/div>\n\t\t\t\t<\/div>\n\t\t\t\t<div class=\"elementor-element elementor-element-3e63374 elementor-widget__width-auto elementor-align-center elementor-widget elementor-widget-button\" data-id=\"3e63374\" data-element_type=\"widget\" data-e-type=\"widget\" data-widget_type=\"button.default\">\n\t\t\t\t<div class=\"elementor-widget-container\">\n\t\t\t\t\t\t\t\t\t<div class=\"elementor-button-wrapper\">\n\t\t\t\t\t<a class=\"elementor-button elementor-button-link elementor-size-sm\" href=\"#elementor-action:action=popup:open&settings=eyJpZCI6IjMxOTMiLCJ0b2dnbGUiOmZhbHNlfQ==\">\n\t\t\t\t\t\t<span class=\"elementor-button-content-wrapper\">\n\t\t\t\t\t\t\t\t\t<span class=\"elementor-button-text\">Contato<\/span>\n\t\t\t\t\t<\/span>\n\t\t\t\t\t<\/a>\n\t\t\t\t<\/div>\n\t\t\t\t\t\t\t\t<\/div>\n\t\t\t\t<\/div>\n\t\t\t\t\t<\/div>\n\t\t<\/div>\n\t\t\t\t\t<\/div>\n\t\t<\/section>\n\t\t\t\t\t<\/div>\n\t\t<\/div>\n\t\t\t\t\t<\/div>\n\t\t<\/section>\n\t\t\t\t<section class=\"elementor-section elementor-top-section elementor-element elementor-element-b693b09 elementor-section-boxed elementor-section-height-default elementor-section-height-default elementor-invisible\" data-id=\"b693b09\" data-element_type=\"section\" data-e-type=\"section\" data-settings=\"{&quot;animation&quot;:&quot;fadeInUp&quot;,&quot;background_background&quot;:&quot;classic&quot;}\">\n\t\t\t\t\t\t<div class=\"elementor-container elementor-column-gap-default\">\n\t\t\t\t\t<div class=\"elementor-column elementor-col-100 elementor-top-column elementor-element elementor-element-6b044d1\" data-id=\"6b044d1\" data-element_type=\"column\" data-e-type=\"column\">\n\t\t\t<div class=\"elementor-widget-wrap elementor-element-populated\">\n\t\t\t\t\t\t<section class=\"elementor-section elementor-inner-section elementor-element elementor-element-a0ed131 elementor-section-boxed elementor-section-height-default elementor-section-height-default\" data-id=\"a0ed131\" data-element_type=\"section\" data-e-type=\"section\">\n\t\t\t\t\t\t<div class=\"elementor-container elementor-column-gap-default\">\n\t\t\t\t\t<div class=\"elementor-column elementor-col-100 elementor-inner-column elementor-element elementor-element-c0db684\" data-id=\"c0db684\" data-element_type=\"column\" data-e-type=\"column\">\n\t\t\t<div class=\"elementor-widget-wrap elementor-element-populated\">\n\t\t\t\t\t\t<div class=\"elementor-element elementor-element-83c7f9c elementor-align-justify elementor-widget__width-initial elementor-widget elementor-widget-button\" data-id=\"83c7f9c\" data-element_type=\"widget\" data-e-type=\"widget\" data-widget_type=\"button.default\">\n\t\t\t\t<div class=\"elementor-widget-container\">\n\t\t\t\t\t\t\t\t\t<div class=\"elementor-button-wrapper\">\n\t\t\t\t\t<a class=\"elementor-button elementor-button-link elementor-size-sm\" href=\"https:\/\/bakertillylatam.com\/pt\/industrias\/agroindustrias\/\">\n\t\t\t\t\t\t<span class=\"elementor-button-content-wrapper\">\n\t\t\t\t\t\t\t\t\t<span class=\"elementor-button-text\">Agoindustrias<\/span>\n\t\t\t\t\t<\/span>\n\t\t\t\t\t<\/a>\n\t\t\t\t<\/div>\n\t\t\t\t\t\t\t\t<\/div>\n\t\t\t\t<\/div>\n\t\t\t\t<div class=\"elementor-element elementor-element-ab8885d elementor-align-justify elementor-widget__width-initial elementor-widget elementor-widget-button\" data-id=\"ab8885d\" data-element_type=\"widget\" data-e-type=\"widget\" data-widget_type=\"button.default\">\n\t\t\t\t<div class=\"elementor-widget-container\">\n\t\t\t\t\t\t\t\t\t<div class=\"elementor-button-wrapper\">\n\t\t\t\t\t<a class=\"elementor-button elementor-button-link elementor-size-sm\" href=\"https:\/\/bakertillylatam.com\/pt\/industrias\/energias-renovaveis-e-sustentaveis\/\">\n\t\t\t\t\t\t<span class=\"elementor-button-content-wrapper\">\n\t\t\t\t\t\t\t\t\t<span class=\"elementor-button-text\">Energ\u00edas Renovables<\/span>\n\t\t\t\t\t<\/span>\n\t\t\t\t\t<\/a>\n\t\t\t\t<\/div>\n\t\t\t\t\t\t\t\t<\/div>\n\t\t\t\t<\/div>\n\t\t\t\t<div class=\"elementor-element elementor-element-ae37790 elementor-align-justify elementor-widget__width-initial elementor-widget elementor-widget-button\" data-id=\"ae37790\" data-element_type=\"widget\" data-e-type=\"widget\" data-widget_type=\"button.default\">\n\t\t\t\t<div class=\"elementor-widget-container\">\n\t\t\t\t\t\t\t\t\t<div class=\"elementor-button-wrapper\">\n\t\t\t\t\t<a class=\"elementor-button elementor-button-link elementor-size-sm\" href=\"https:\/\/bakertillylatam.com\/pt\/industrias\/mineria\/\">\n\t\t\t\t\t\t<span class=\"elementor-button-content-wrapper\">\n\t\t\t\t\t\t\t\t\t<span class=\"elementor-button-text\">Minera\u00e7\u00e3o<\/span>\n\t\t\t\t\t<\/span>\n\t\t\t\t\t<\/a>\n\t\t\t\t<\/div>\n\t\t\t\t\t\t\t\t<\/div>\n\t\t\t\t<\/div>\n\t\t\t\t<div class=\"elementor-element elementor-element-c7e47f8 elementor-align-justify elementor-widget__width-initial elementor-widget elementor-widget-button\" data-id=\"c7e47f8\" data-element_type=\"widget\" data-e-type=\"widget\" data-widget_type=\"button.default\">\n\t\t\t\t<div class=\"elementor-widget-container\">\n\t\t\t\t\t\t\t\t\t<div class=\"elementor-button-wrapper\">\n\t\t\t\t\t<a class=\"elementor-button elementor-button-link elementor-size-sm\" href=\"https:\/\/bakertillylatam.com\/pt\/industrias\/tecnologia\/\">\n\t\t\t\t\t\t<span class=\"elementor-button-content-wrapper\">\n\t\t\t\t\t\t\t\t\t<span class=\"elementor-button-text\">Tecnologia<\/span>\n\t\t\t\t\t<\/span>\n\t\t\t\t\t<\/a>\n\t\t\t\t<\/div>\n\t\t\t\t\t\t\t\t<\/div>\n\t\t\t\t<\/div>\n\t\t\t\t\t<\/div>\n\t\t<\/div>\n\t\t\t\t\t<\/div>\n\t\t<\/section>\n\t\t\t\t\t<\/div>\n\t\t<\/div>\n\t\t\t\t\t<\/div>\n\t\t<\/section>\n\t\t\t\t<section class=\"elementor-section elementor-top-section elementor-element elementor-element-20849c6 elementor-section-content-middle elementor-section-boxed elementor-section-height-default elementor-section-height-default\" data-id=\"20849c6\" data-element_type=\"section\" data-e-type=\"section\" data-settings=\"{&quot;background_background&quot;:&quot;classic&quot;}\">\n\t\t\t\t\t\t<div class=\"elementor-container elementor-column-gap-default\">\n\t\t\t\t\t<div class=\"elementor-column elementor-col-100 elementor-top-column elementor-element elementor-element-4cbc0d2\" data-id=\"4cbc0d2\" data-element_type=\"column\" data-e-type=\"column\">\n\t\t\t<div class=\"elementor-widget-wrap elementor-element-populated\">\n\t\t\t\t\t\t<div class=\"elementor-element elementor-element-5a1e846 elementor-widget elementor-widget-heading\" data-id=\"5a1e846\" data-element_type=\"widget\" data-e-type=\"widget\" data-widget_type=\"heading.default\">\n\t\t\t\t<div class=\"elementor-widget-container\">\n\t\t\t\t\t<div class=\"elementor-heading-title elementor-size-default\">Nossa equipe pode ajud\u00e1-lo a<\/div>\t\t\t\t<\/div>\n\t\t\t\t<\/div>\n\t\t\t\t<div class=\"elementor-element elementor-element-cca2f9b elementor-align-center elementor-widget__width-auto elementor-widget elementor-widget-button\" data-id=\"cca2f9b\" data-element_type=\"widget\" data-e-type=\"widget\" data-widget_type=\"button.default\">\n\t\t\t\t<div class=\"elementor-widget-container\">\n\t\t\t\t\t\t\t\t\t<div class=\"elementor-button-wrapper\">\n\t\t\t\t\t<a class=\"elementor-button elementor-button-link elementor-size-sm\" href=\"#elementor-action:action=popup:open&settings=eyJpZCI6IjMxOTMiLCJ0b2dnbGUiOmZhbHNlfQ==\">\n\t\t\t\t\t\t<span class=\"elementor-button-content-wrapper\">\n\t\t\t\t\t\t\t\t\t<span class=\"elementor-button-text\">Contato<\/span>\n\t\t\t\t\t<\/span>\n\t\t\t\t\t<\/a>\n\t\t\t\t<\/div>\n\t\t\t\t\t\t\t\t<\/div>\n\t\t\t\t<\/div>\n\t\t\t\t\t<\/div>\n\t\t<\/div>\n\t\t\t\t\t<\/div>\n\t\t<\/section>\n\t\t\t\t<\/div>","protected":false},"excerpt":{"rendered":"<p>Algunas industrias con las que trabajamos Trabajamos con industrias de distintos \u00e1mbitos para ofrecer soluciones adaptadas a sus necesidades espec\u00edficas. Nuestro enfoque es proporcionar servicios y productos que impulsen la eficiencia operativa, la innovaci\u00f3n y el crecimiento sostenible. Cont\u00e1ctanos Agoindustrias Energ\u00edas Renovables Miner\u00eda Tecnolog\u00eda Nuestro equipo puede ayudarte Cont\u00e1ctanos<\/p>","protected":false},"author":12,"featured_media":0,"parent":0,"menu_order":0,"comment_status":"closed","ping_status":"closed","template":"","meta":{"_acf_changed":false,"footnotes":""},"class_list":["post-2944","page","type-page","status-publish","hentry"],"acf":[],"yoast_head":"<!-- This site is optimized with the Yoast SEO plugin v23.7 - https:\/\/yoast.com\/wordpress\/plugins\/seo\/ -->\n<title>Industrias - Baker Tilly LATAM<\/title>\n<meta name=\"robots\" content=\"index, follow, max-snippet:-1, max-image-preview:large, max-video-preview:-1\" \/>\n<link rel=\"canonical\" href=\"https:\/\/bakertillylatam.com\/pt\/industrias\/\" \/>\n<meta property=\"og:locale\" content=\"pt_BR\" \/>\n<meta property=\"og:type\" content=\"article\" \/>\n<meta property=\"og:title\" content=\"Industrias - Baker Tilly LATAM\" \/>\n<meta property=\"og:description\" content=\"Algunas industrias con las que trabajamos Trabajamos con industrias de distintos \u00e1mbitos para ofrecer soluciones adaptadas a sus necesidades espec\u00edficas. Nuestro enfoque es proporcionar servicios y productos que impulsen la eficiencia operativa, la innovaci\u00f3n y el crecimiento sostenible. Cont\u00e1ctanos Agoindustrias Energ\u00edas Renovables Miner\u00eda Tecnolog\u00eda Nuestro equipo puede ayudarte Cont\u00e1ctanos\" \/>\n<meta property=\"og:url\" content=\"https:\/\/bakertillylatam.com\/pt\/industrias\/\" \/>\n<meta property=\"og:site_name\" content=\"Baker Tilly LATAM\" \/>\n<meta property=\"article:modified_time\" content=\"2024-04-03T03:56:09+00:00\" \/>\n<meta name=\"twitter:card\" content=\"summary_large_image\" \/>\n<script type=\"application\/ld+json\" class=\"yoast-schema-graph\">{\"@context\":\"https:\/\/schema.org\",\"@graph\":[{\"@type\":\"WebPage\",\"@id\":\"https:\/\/bakertillylatam.com\/industrias\/\",\"url\":\"https:\/\/bakertillylatam.com\/industrias\/\",\"name\":\"Industrias - Baker Tilly LATAM\",\"isPartOf\":{\"@id\":\"https:\/\/bakertillylatam.com\/#website\"},\"datePublished\":\"2023-10-31T23:29:16+00:00\",\"dateModified\":\"2024-04-03T03:56:09+00:00\",\"breadcrumb\":{\"@id\":\"https:\/\/bakertillylatam.com\/industrias\/#breadcrumb\"},\"inLanguage\":\"pt-BR\",\"potentialAction\":[{\"@type\":\"ReadAction\",\"target\":[\"https:\/\/bakertillylatam.com\/industrias\/\"]}]},{\"@type\":\"BreadcrumbList\",\"@id\":\"https:\/\/bakertillylatam.com\/industrias\/#breadcrumb\",\"itemListElement\":[{\"@type\":\"ListItem\",\"position\":1,\"name\":\"Portada\",\"item\":\"https:\/\/bakertillylatam.com\/\"},{\"@type\":\"ListItem\",\"position\":2,\"name\":\"Industrias\"}]},{\"@type\":\"WebSite\",\"@id\":\"https:\/\/bakertillylatam.com\/#website\",\"url\":\"https:\/\/bakertillylatam.com\/\",\"name\":\"Baker Tilly LATAM\",\"description\":\"Asesores locales con respaldo Internacional\",\"publisher\":{\"@id\":\"https:\/\/bakertillylatam.com\/#organization\"},\"potentialAction\":[{\"@type\":\"SearchAction\",\"target\":{\"@type\":\"EntryPoint\",\"urlTemplate\":\"https:\/\/bakertillylatam.com\/?s={search_term_string}\"},\"query-input\":{\"@type\":\"PropertyValueSpecification\",\"valueRequired\":true,\"valueName\":\"search_term_string\"}}],\"inLanguage\":\"pt-BR\"},{\"@type\":\"Organization\",\"@id\":\"https:\/\/bakertillylatam.com\/#organization\",\"name\":\"Bakertilly LATAM\",\"url\":\"https:\/\/bakertillylatam.com\/\",\"logo\":{\"@type\":\"ImageObject\",\"inLanguage\":\"pt-BR\",\"@id\":\"https:\/\/bakertillylatam.com\/#\/schema\/logo\/image\/\",\"url\":\"https:\/\/bakertillylatam.com\/wp-content\/uploads\/2022\/06\/logo-1-e1693074923354.gif\",\"contentUrl\":\"https:\/\/bakertillylatam.com\/wp-content\/uploads\/2022\/06\/logo-1-e1693074923354.gif\",\"width\":450,\"height\":151,\"caption\":\"Bakertilly LATAM\"},\"image\":{\"@id\":\"https:\/\/bakertillylatam.com\/#\/schema\/logo\/image\/\"}}]}<\/script>\n<!-- \/ Yoast SEO plugin. -->","yoast_head_json":{"title":"Industrias - Baker Tilly LATAM","robots":{"index":"index","follow":"follow","max-snippet":"max-snippet:-1","max-image-preview":"max-image-preview:large","max-video-preview":"max-video-preview:-1"},"canonical":"https:\/\/bakertillylatam.com\/pt\/industrias\/","og_locale":"pt_BR","og_type":"article","og_title":"Industrias - Baker Tilly LATAM","og_description":"Algunas industrias con las que trabajamos Trabajamos con industrias de distintos \u00e1mbitos para ofrecer soluciones adaptadas a sus necesidades espec\u00edficas. Nuestro enfoque es proporcionar servicios y productos que impulsen la eficiencia operativa, la innovaci\u00f3n y el crecimiento sostenible. Cont\u00e1ctanos Agoindustrias Energ\u00edas Renovables Miner\u00eda Tecnolog\u00eda Nuestro equipo puede ayudarte Cont\u00e1ctanos","og_url":"https:\/\/bakertillylatam.com\/pt\/industrias\/","og_site_name":"Baker Tilly LATAM","article_modified_time":"2024-04-03T03:56:09+00:00","twitter_card":"summary_large_image","schema":{"@context":"https:\/\/schema.org","@graph":[{"@type":"WebPage","@id":"https:\/\/bakertillylatam.com\/industrias\/","url":"https:\/\/bakertillylatam.com\/industrias\/","name":"Industrias - Baker Tilly LATAM","isPartOf":{"@id":"https:\/\/bakertillylatam.com\/#website"},"datePublished":"2023-10-31T23:29:16+00:00","dateModified":"2024-04-03T03:56:09+00:00","breadcrumb":{"@id":"https:\/\/bakertillylatam.com\/industrias\/#breadcrumb"},"inLanguage":"pt-BR","potentialAction":[{"@type":"ReadAction","target":["https:\/\/bakertillylatam.com\/industrias\/"]}]},{"@type":"BreadcrumbList","@id":"https:\/\/bakertillylatam.com\/industrias\/#breadcrumb","itemListElement":[{"@type":"ListItem","position":1,"name":"Portada","item":"https:\/\/bakertillylatam.com\/"},{"@type":"ListItem","position":2,"name":"Industrias"}]},{"@type":"WebSite","@id":"https:\/\/bakertillylatam.com\/#website","url":"https:\/\/bakertillylatam.com\/","name":"Baker Tilly LATAM","description":"Asesores locales con respaldo Internacional","publisher":{"@id":"https:\/\/bakertillylatam.com\/#organization"},"potentialAction":[{"@type":"SearchAction","target":{"@type":"EntryPoint","urlTemplate":"https:\/\/bakertillylatam.com\/?s={search_term_string}"},"query-input":{"@type":"PropertyValueSpecification","valueRequired":true,"valueName":"search_term_string"}}],"inLanguage":"pt-BR"},{"@type":"Organization","@id":"https:\/\/bakertillylatam.com\/#organization","name":"Bakertilly LATAM","url":"https:\/\/bakertillylatam.com\/","logo":{"@type":"ImageObject","inLanguage":"pt-BR","@id":"https:\/\/bakertillylatam.com\/#\/schema\/logo\/image\/","url":"https:\/\/bakertillylatam.com\/wp-content\/uploads\/2022\/06\/logo-1-e1693074923354.gif","contentUrl":"https:\/\/bakertillylatam.com\/wp-content\/uploads\/2022\/06\/logo-1-e1693074923354.gif","width":450,"height":151,"caption":"Bakertilly LATAM"},"image":{"@id":"https:\/\/bakertillylatam.com\/#\/schema\/logo\/image\/"}}]}},"_links":{"self":[{"href":"https:\/\/bakertillylatam.com\/pt\/wp-json\/wp\/v2\/pages\/2944"}],"collection":[{"href":"https:\/\/bakertillylatam.com\/pt\/wp-json\/wp\/v2\/pages"}],"about":[{"href":"https:\/\/bakertillylatam.com\/pt\/wp-json\/wp\/v2\/types\/page"}],"author":[{"embeddable":true,"href":"https:\/\/bakertillylatam.com\/pt\/wp-json\/wp\/v2\/users\/12"}],"replies":[{"embeddable":true,"href":"https:\/\/bakertillylatam.com\/pt\/wp-json\/wp\/v2\/comments?post=2944"}],"version-history":[{"count":46,"href":"https:\/\/bakertillylatam.com\/pt\/wp-json\/wp\/v2\/pages\/2944\/revisions"}],"predecessor-version":[{"id":5024,"href":"https:\/\/bakertillylatam.com\/pt\/wp-json\/wp\/v2\/pages\/2944\/revisions\/5024"}],"wp:attachment":[{"href":"https:\/\/bakertillylatam.com\/pt\/wp-json\/wp\/v2\/media?parent=2944"}],"curies":[{"name":"wp","href":"https:\/\/api.w.org\/{rel}","templated":true}]}}